{"id":1138,"date":"2023-08-03T09:52:58","date_gmt":"2023-08-03T09:52:58","guid":{"rendered":"https:\/\/restaurantecafealentejo.com\/?page_id=1138"},"modified":"2023-08-03T14:16:43","modified_gmt":"2023-08-03T14:16:43","slug":"noticias","status":"publish","type":"page","link":"https:\/\/restaurantecafealentejo.com\/en\/noticias\/","title":{"rendered":"News"},"content":{"rendered":"<p>[et_pb_section fb_built=&#8221;1&#8243; admin_label=&#8221;sec\u00e7\u00e3o apresenta\u00e7\u00e3o&#8221; _builder_version=&#8221;4.21.0&#8243; _module_preset=&#8221;default&#8221; background_color=&#8221;RGBA(255,255,255,0)&#8221; background_image=&#8221;https:\/\/restaurantecafealentejo.com\/wp-content\/uploads\/2023\/05\/noticias_dark_30.png&#8221; background_position=&#8221;bottom_center&#8221; background_blend=&#8221;overlay&#8221; module_alignment=&#8221;center&#8221; height=&#8221;700px&#8221; height_tablet=&#8221;700px&#8221; height_phone=&#8221;550px&#8221; height_last_edited=&#8221;on|phone&#8221; max_height=&#8221;800px&#8221; max_height_tablet=&#8221;800px&#8221; max_height_phone=&#8221;600px&#8221; max_height_last_edited=&#8221;on|phone&#8221; custom_margin=&#8221;-40px||||false|false&#8221; mix_blend_mode=&#8221;darken&#8221; saved_tabs=&#8221;all&#8221; locked=&#8221;off&#8221; global_colors_info=&#8221;{}&#8221;][et_pb_row admin_label=&#8221;Row&#8221; _builder_version=&#8221;4.21.0&#8243; _module_preset=&#8221;default&#8221; background_color=&#8221;RGBA(255,255,255,0)&#8221; background_enable_image=&#8221;off&#8221; background_blend=&#8221;darken&#8221; module_alignment=&#8221;center&#8221; height=&#8221;100%&#8221; max_height=&#8221;1333px&#8221; max_height_tablet=&#8221;1333px&#8221; max_height_phone=&#8221;600px&#8221; max_height_last_edited=&#8221;on|phone&#8221; custom_margin=&#8221;0px||0px||false|false&#8221; custom_padding=&#8221;0px||0px||false|false&#8221; filter_brightness=&#8221;200%&#8221; global_colors_info=&#8221;{}&#8221;][et_pb_column type=&#8221;4_4&#8243; _builder_version=&#8221;4.20.2&#8243; _module_preset=&#8221;default&#8221; global_colors_info=&#8221;{}&#8221;][et_pb_text admin_label=&#8221;slogan&#8221; _builder_version=&#8221;4.21.0&#8243; _module_preset=&#8221;default&#8221; text_text_color=&#8221;#FFFFFF&#8221; text_font_size=&#8221;3em&#8221; text_line_height=&#8221;1.8em&#8221; background_color=&#8221;RGBA(255,255,255,0)&#8221; background_enable_image=&#8221;off&#8221; background_layout=&#8221;dark&#8221; module_alignment=&#8221;center&#8221; custom_margin=&#8221;200px||||false|false&#8221; custom_margin_tablet=&#8221;200px||||false|false&#8221; custom_margin_phone=&#8221;50%||||false|false&#8221; custom_margin_last_edited=&#8221;on|phone&#8221; custom_padding=&#8221;||||false|false&#8221; text_font_size_tablet=&#8221;2em&#8221; text_font_size_phone=&#8221;1.5em&#8221; text_text_shadow_style=&#8221;preset2&#8243; global_colors_info=&#8221;{}&#8221;]<\/p>\n<p style=\"text-align: center;\"><b>NOT\u00cdCIAS<\/b><\/p>\n<p>[\/et_pb_text][\/et_pb_column][\/et_pb_row][\/et_pb_section][et_pb_section fb_built=&#8221;1&#8243; custom_padding_last_edited=&#8221;on|tablet&#8221; admin_label=&#8221;Blog&#8221; _builder_version=&#8221;4.21.2&#8243; background_color=&#8221;#f4f4f4&#8243; custom_padding=&#8221;110px||70px|&#8221; custom_padding_tablet=&#8221;60px||0px|&#8221; custom_padding_phone=&#8221;&#8221; global_colors_info=&#8221;{}&#8221;][et_pb_row admin_label=&#8221;Posts&#8221; _builder_version=&#8221;4.21.2&#8243; background_size=&#8221;initial&#8221; background_position=&#8221;top_left&#8221; background_repeat=&#8221;repeat&#8221; custom_padding=&#8221;|||&#8221; hover_enabled=&#8221;0&#8243; global_colors_info=&#8221;{}&#8221; sticky_enabled=&#8221;0&#8243;][et_pb_column type=&#8221;4_4&#8243; _builder_version=&#8221;4.16&#8243; custom_padding=&#8221;|||&#8221; global_colors_info=&#8221;{}&#8221; custom_padding__hover=&#8221;|||&#8221;][et_pb_blog fullwidth=&#8221;off&#8221; posts_number=&#8221;21&#8243; include_categories=&#8221;17&#8243; meta_date=&#8221;d\/m\/o&#8221; show_author=&#8221;off&#8221; show_categories=&#8221;off&#8221; show_pagination=&#8221;off&#8221; masonry_tile_background_color=&#8221;#ffffff&#8221; _builder_version=&#8221;4.21.2&#8243; header_font=&#8221;BarmenoBQ-Bold||||||||&#8221; header_text_align=&#8221;left&#8221; header_text_color=&#8221;#000000&#8243; header_font_size=&#8221;22px&#8221; header_line_height=&#8221;1.3em&#8221; body_font=&#8221;Roboto||||&#8221; body_text_color=&#8221;rgba(138,33,27,0.55)&#8221; body_font_size=&#8221;14px&#8221; body_line_height=&#8221;1.9em&#8221; meta_font=&#8221;Roboto||||&#8221; meta_text_align=&#8221;left&#8221; meta_text_color=&#8221;rgba(0,0,0,0.3)&#8221; meta_font_size=&#8221;14px&#8221; meta_line_height=&#8221;0.3em&#8221; text_orientation=&#8221;left&#8221; animation_style=&#8221;fade&#8221; link_option_url_new_window=&#8221;on&#8221; hover_enabled=&#8221;0&#8243; body_line_height_tablet=&#8221;1.9em&#8221; body_line_height_phone=&#8221;0.5em&#8221; body_line_height_last_edited=&#8221;on|phone&#8221; meta_line_height_tablet=&#8221;0.3em&#8221; meta_line_height_phone=&#8221;2em&#8221; meta_line_height_last_edited=&#8221;on|phone&#8221; border_width_all=&#8221;0px&#8221; border_color_all=&#8221;#eaeaea&#8221; border_style_all=&#8221;solid&#8221; border_width_all_fullwidth=&#8221;0px&#8221; border_color_all_fullwidth=&#8221;#eaeaea&#8221; border_style_all_fullwidth=&#8221;solid&#8221; use_border_color=&#8221;on&#8221; border_color=&#8221;#eaeaea&#8221; border_width=&#8221;0px&#8221; global_colors_info=&#8221;{}&#8221; link_option_url=&#8221;@ET-DC@eyJkeW5hbWljIjp0cnVlLCJjb250ZW50IjoicG9zdF9saW5rX3VybF9wb3N0Iiwic2V0dGluZ3MiOnsicG9zdF9pZCI6IjExMzUifX0=@&#8221; _dynamic_attributes=&#8221;link_option_url&#8221; sticky_enabled=&#8221;0&#8243;][\/et_pb_blog][\/et_pb_column][\/et_pb_row][\/et_pb_section]<\/p>","protected":false},"excerpt":{"rendered":"<p>NOT\u00cdCIAS<\/p>","protected":false},"author":2,"featured_media":0,"parent":0,"menu_order":0,"comment_status":"closed","ping_status":"closed","template":"","meta":{"_et_pb_use_builder":"on","_et_pb_old_content":"","_et_gb_content_width":"","footnotes":""},"class_list":["post-1138","page","type-page","status-publish","hentry"],"_links":{"self":[{"href":"https:\/\/restaurantecafealentejo.com\/en\/wp-json\/wp\/v2\/pages\/1138","targetHints":{"allow":["GET"]}}],"collection":[{"href":"https:\/\/restaurantecafealentejo.com\/en\/wp-json\/wp\/v2\/pages"}],"about":[{"href":"https:\/\/restaurantecafealentejo.com\/en\/wp-json\/wp\/v2\/types\/page"}],"author":[{"embeddable":true,"href":"https:\/\/restaurantecafealentejo.com\/en\/wp-json\/wp\/v2\/users\/2"}],"replies":[{"embeddable":true,"href":"https:\/\/restaurantecafealentejo.com\/en\/wp-json\/wp\/v2\/comments?post=1138"}],"version-history":[{"count":16,"href":"https:\/\/restaurantecafealentejo.com\/en\/wp-json\/wp\/v2\/pages\/1138\/revisions"}],"predecessor-version":[{"id":1214,"href":"https:\/\/restaurantecafealentejo.com\/en\/wp-json\/wp\/v2\/pages\/1138\/revisions\/1214"}],"wp:attachment":[{"href":"https:\/\/restaurantecafealentejo.com\/en\/wp-json\/wp\/v2\/media?parent=1138"}],"curies":[{"name":"wp","href":"https:\/\/api.w.org\/{rel}","templated":true}]}}