{"id":232,"date":"2023-03-27T23:16:19","date_gmt":"2023-03-27T23:16:19","guid":{"rendered":"https:\/\/restaurantecafealentejo.com\/?page_id=232"},"modified":"2023-06-08T22:04:17","modified_gmt":"2023-06-08T22:04:17","slug":"cafe-alentejo","status":"publish","type":"page","link":"https:\/\/restaurantecafealentejo.com\/en\/cafe-alentejo\/","title":{"rendered":"Caf\u00e9 Alentejo"},"content":{"rendered":"<p>[et_pb_section fb_built=&#8221;1&#8243; admin_label=&#8221;sec\u00e7\u00e3o apresenta\u00e7\u00e3o&#8221; _builder_version=&#8221;4.21.0&#8243; _module_preset=&#8221;default&#8221; background_color=&#8221;RGBA(255,255,255,0)&#8221; background_image=&#8221;https:\/\/restaurantecafealentejo.com\/wp-content\/uploads\/2023\/05\/home_dark_30_2.png&#8221; background_size=&#8221;initial&#8221; background_blend=&#8221;overlay&#8221; module_alignment=&#8221;center&#8221; height=&#8221;700px&#8221; height_tablet=&#8221;700px&#8221; height_phone=&#8221;600px&#8221; height_last_edited=&#8221;on|phone&#8221; max_height=&#8221;800px&#8221; max_height_tablet=&#8221;800px&#8221; max_height_phone=&#8221;600px&#8221; max_height_last_edited=&#8221;on|phone&#8221; mix_blend_mode=&#8221;darken&#8221; background_last_edited=&#8221;on|phone&#8221; background_size_phone=&#8221;cover&#8221; background_image_height_phone=&#8221;auto&#8221; background_position_phone=&#8221;center&#8221; global_colors_info=&#8221;{}&#8221;][et_pb_row admin_label=&#8221;Row&#8221; _builder_version=&#8221;4.21.0&#8243; _module_preset=&#8221;default&#8221; background_color=&#8221;RGBA(255,255,255,0)&#8221; background_enable_image=&#8221;off&#8221; background_blend=&#8221;darken&#8221; module_alignment=&#8221;center&#8221; height=&#8221;100%&#8221; max_height=&#8221;1333px&#8221; max_height_tablet=&#8221;1333px&#8221; max_height_phone=&#8221;600px&#8221; max_height_last_edited=&#8221;on|phone&#8221; filter_brightness=&#8221;200%&#8221; global_colors_info=&#8221;{}&#8221;][et_pb_column type=&#8221;4_4&#8243; _builder_version=&#8221;4.20.2&#8243; _module_preset=&#8221;default&#8221; global_colors_info=&#8221;{}&#8221;][et_pb_text admin_label=&#8221;slogan&#8221; _builder_version=&#8221;4.21.0&#8243; _module_preset=&#8221;default&#8221; text_text_color=&#8221;#FFFFFF&#8221; text_font_size=&#8221;3em&#8221; background_color=&#8221;RGBA(255,255,255,0)&#8221; background_enable_image=&#8221;off&#8221; background_layout=&#8221;dark&#8221; module_alignment=&#8221;center&#8221; custom_margin=&#8221;200px||||false|false&#8221; custom_margin_tablet=&#8221;200px||||false|false&#8221; custom_margin_phone=&#8221;50%||||false|false&#8221; custom_margin_last_edited=&#8221;on|phone&#8221; custom_padding=&#8221;||||false|false&#8221; text_font_size_phone=&#8221;1.5em&#8221; text_line_height_tablet=&#8221;&#8221; text_line_height_phone=&#8221;1.8em&#8221; text_line_height_last_edited=&#8221;on|phone&#8221; text_text_shadow_style=&#8221;preset2&#8243; global_colors_info=&#8221;{}&#8221;]<\/p>\n<p style=\"text-align: center;\"><strong>THE BEST OF TRADITIONAL<\/strong><br \/><strong>ALENTEJO CUISINE<\/strong><\/p>\n<p>[\/et_pb_text][\/et_pb_column][\/et_pb_row][\/et_pb_section][et_pb_section fb_built=&#8221;1&#8243; admin_label=&#8221;sec\u00e7\u00e3o informativa&#8221; _builder_version=&#8221;4.20.2&#8243; _module_preset=&#8221;default&#8221; background_color=&#8221;#FFFFFF&#8221; background_enable_image=&#8221;off&#8221; max_height=&#8221;100%&#8221; global_colors_info=&#8221;{}&#8221;][et_pb_row column_structure=&#8221;2_3,1_3&#8243; admin_label=&#8221;Row&#8221; _builder_version=&#8221;4.20.2&#8243; _module_preset=&#8221;default&#8221; global_colors_info=&#8221;{}&#8221;][et_pb_column type=&#8221;2_3&#8243; _builder_version=&#8221;4.20.2&#8243; _module_preset=&#8221;default&#8221; global_colors_info=&#8221;{}&#8221;][et_pb_text admin_label=&#8221;texto destaque&#8221; _builder_version=&#8221;4.20.2&#8243; _module_preset=&#8221;default&#8221; global_colors_info=&#8221;{}&#8221;]<\/p>\n<p style=\"text-align: left;\"><strong>Localizado em \u00c9vora, o Caf\u00e9 Alentejo\u00ae serve os melhores pratos alentejanos num espa\u00e7o acolhedor cheio de hist\u00f3ria. Para acompanhar sugerimos vinho de produtores regionais.<\/strong><\/p>\n<p>[\/et_pb_text][et_pb_text admin_label=&#8221;texto normal&#8221; _builder_version=&#8221;4.21.0&#8243; _module_preset=&#8221;default&#8221; text_font=&#8221;Open Sans||||||||&#8221; text_line_height_tablet=&#8221;&#8221; text_line_height_phone=&#8221;&#8221; text_line_height_last_edited=&#8221;on|desktop&#8221; global_colors_info=&#8221;{}&#8221;]<\/p>\n<p>Depois de ser Estalagem Real, o Caf\u00e9 Alentejo\u00ae foi Casa de Pasto e Taberna at\u00e9 aos anos 90, onde os segredos da cozinha tradicional sempre continuaram, ao balc\u00e3o.<\/p>\n<p>Desde 1999, Rita Sim\u00e3o, eborense e propriet\u00e1ria do Caf\u00e9 Alentejo\u00ae, reuniu a hist\u00f3ria e cultura deste lugar. Foi atrav\u00e9s do empreendedorismo e da paix\u00e3o da Rita pela cozinha alentejana que foi poss\u00edvel transformar este espa\u00e7o de s\u00e9culos, numa das refer\u00eancias gastron\u00f3micas de toda a regi\u00e3o.<\/p>\n<p>[\/et_pb_text][\/et_pb_column][et_pb_column type=&#8221;1_3&#8243; _builder_version=&#8221;4.20.2&#8243; _module_preset=&#8221;default&#8221; global_colors_info=&#8221;{}&#8221;][et_pb_text admin_label=&#8221;texto contactos&#8221; _builder_version=&#8221;4.21.0&#8243; _module_preset=&#8221;default&#8221; global_colors_info=&#8221;{}&#8221;]<\/p>\n<p><strong>Phone number<br \/><\/strong>(+351) 266 706 296<br \/>(+351) 969 318 901<\/p>\n<p><strong>Email<br \/><\/strong> cafealentejorestaurante@gmail.com<\/p>\n<p><strong> Address<\/strong><br \/>Rua Raimundo, 5<br \/>7000 &#8211; 661 \u00c9vora<\/p>\n<p><strong>Schedule<\/strong><br \/>Tuesday to Saturday<br \/>12:30pm - 10:30pm<\/p>\n<p>[\/et_pb_text][\/et_pb_column][\/et_pb_row][\/et_pb_section][et_pb_section fb_built=&#8221;1&#8243; fullwidth=&#8221;on&#8221; _builder_version=&#8221;4.21.0&#8243; _module_preset=&#8221;default&#8221; module_alignment=&#8221;center&#8221; max_height=&#8221;180px&#8221; max_height_tablet=&#8221;180px&#8221; max_height_phone=&#8221;470px&#8221; max_height_last_edited=&#8221;on|phone&#8221; global_colors_info=&#8221;{}&#8221;][et_pb_fullwidth_image src=&#8221;https:\/\/restaurantecafealentejo.com\/wp-content\/uploads\/2023\/05\/banner_alentejo_desktop2.png&#8221; title_text=&#8221;banner_alentejo_mobile&#8221; url=&#8221;https:\/\/www.visitalentejo.pt\/pt\/&#8221; url_new_window=&#8221;on&#8221; src_tablet=&#8221;https:\/\/restaurantecafealentejo.com\/wp-content\/uploads\/2023\/05\/banner_alentejo_desktop2.png&#8221; src_phone=&#8221;https:\/\/restaurantecafealentejo.com\/wp-content\/uploads\/2023\/05\/banner_alentejo_mobile.png&#8221; src_last_edited=&#8221;on|phone&#8221; _builder_version=&#8221;4.21.0&#8243; _module_preset=&#8221;default&#8221; module_alignment=&#8221;center&#8221; global_colors_info=&#8221;{}&#8221;][\/et_pb_fullwidth_image][\/et_pb_section][et_pb_section fb_built=&#8221;1&#8243; admin_label=&#8221;carossel de fotos&#8221; _builder_version=&#8221;4.21.0&#8243; _module_preset=&#8221;default&#8221; background_color=&#8221;#FFFFFF&#8221; background_enable_image=&#8221;off&#8221; global_colors_info=&#8221;{}&#8221;][et_pb_row admin_label=&#8221;Row&#8221; _builder_version=&#8221;4.20.2&#8243; _module_preset=&#8221;default&#8221; global_colors_info=&#8221;{}&#8221;][et_pb_column type=&#8221;4_4&#8243; _builder_version=&#8221;4.20.2&#8243; _module_preset=&#8221;default&#8221; global_colors_info=&#8221;{}&#8221;][dsm_image_carousel gallery_ids=&#8221;812,999,987,988,989,991,816,996,997,998,943,944,1000,166,1004,1005,813,1001,1003,1002&#8243; sizes=&#8221;et-pb-image&#8211;responsive&#8211;desktop&#8221; centered_slides=&#8221;on&#8221; slide_to_show=&#8221;1&#8243; speed=&#8221;2700&#8243; space_between=&#8221;0&#8243; arrow_position=&#8221;inside&#8221; dots=&#8221;off&#8221; arrow_color=&#8221;#FFFFFF&#8221; arrow_background_color=&#8221;RGBA(255,255,255,0)&#8221; _builder_version=&#8221;4.21.0&#8243; _module_preset=&#8221;default&#8221; global_colors_info=&#8221;{}&#8221;][\/dsm_image_carousel][\/et_pb_column][\/et_pb_row][\/et_pb_section][et_pb_section fb_built=&#8221;1&#8243; fullwidth=&#8221;on&#8221; _builder_version=&#8221;4.21.0&#8243; _module_preset=&#8221;default&#8221; max_height=&#8221;155px&#8221; global_colors_info=&#8221;{}&#8221;][et_pb_fullwidth_image src=&#8221;https:\/\/restaurantecafealentejo.com\/wp-content\/uploads\/2023\/05\/banner_evora27_desktop2.png&#8221; title_text=&#8221;banner_evora27_mobile&#8221; url=&#8221;https:\/\/www.evora2027.com\/&#8221; url_new_window=&#8221;on&#8221; src_tablet=&#8221;https:\/\/restaurantecafealentejo.com\/wp-content\/uploads\/2023\/05\/banner_evora27_desktop2.png&#8221; src_phone=&#8221;https:\/\/restaurantecafealentejo.com\/wp-content\/uploads\/2023\/05\/banner_evora27_mobile.png&#8221; src_last_edited=&#8221;on|phone&#8221; _builder_version=&#8221;4.21.0&#8243; _module_preset=&#8221;default&#8221; global_colors_info=&#8221;{}&#8221;][\/et_pb_fullwidth_image][\/et_pb_section]<\/p>","protected":false},"excerpt":{"rendered":"<p>O MELHOR DA COZINHATRADICIONAL ALENTEJANALocalizado em \u00c9vora, o Caf\u00e9 Alentejo\u00ae serve os melhores pratos alentejanos num espa\u00e7o acolhedor cheio de hist\u00f3ria. Para acompanhar sugerimos vinho de produtores regionais.Depois de ser Estalagem Real, o Caf\u00e9 Alentejo\u00ae foi Casa de Pasto e Taberna at\u00e9 aos anos 90, onde os segredos da cozinha tradicional sempre continuaram, ao balc\u00e3o. [&hellip;]<\/p>","protected":false},"author":2,"featured_media":0,"parent":0,"menu_order":1,"comment_status":"closed","ping_status":"closed","template":"","meta":{"_et_pb_use_builder":"on","_et_pb_old_content":"","_et_gb_content_width":"","footnotes":""},"class_list":["post-232","page","type-page","status-publish","hentry"],"_links":{"self":[{"href":"https:\/\/restaurantecafealentejo.com\/en\/wp-json\/wp\/v2\/pages\/232","targetHints":{"allow":["GET"]}}],"collection":[{"href":"https:\/\/restaurantecafealentejo.com\/en\/wp-json\/wp\/v2\/pages"}],"about":[{"href":"https:\/\/restaurantecafealentejo.com\/en\/wp-json\/wp\/v2\/types\/page"}],"author":[{"embeddable":true,"href":"https:\/\/restaurantecafealentejo.com\/en\/wp-json\/wp\/v2\/users\/2"}],"replies":[{"embeddable":true,"href":"https:\/\/restaurantecafealentejo.com\/en\/wp-json\/wp\/v2\/comments?post=232"}],"version-history":[{"count":96,"href":"https:\/\/restaurantecafealentejo.com\/en\/wp-json\/wp\/v2\/pages\/232\/revisions"}],"predecessor-version":[{"id":1012,"href":"https:\/\/restaurantecafealentejo.com\/en\/wp-json\/wp\/v2\/pages\/232\/revisions\/1012"}],"wp:attachment":[{"href":"https:\/\/restaurantecafealentejo.com\/en\/wp-json\/wp\/v2\/media?parent=232"}],"curies":[{"name":"wp","href":"https:\/\/api.w.org\/{rel}","templated":true}]}}