{"id":256,"date":"2023-03-27T23:32:22","date_gmt":"2023-03-27T23:32:22","guid":{"rendered":"https:\/\/restaurantecafealentejo.com\/?page_id=256"},"modified":"2024-10-01T23:49:06","modified_gmt":"2024-10-01T23:49:06","slug":"vinho","status":"publish","type":"page","link":"https:\/\/restaurantecafealentejo.com\/en\/vinho\/","title":{"rendered":"Wine"},"content":{"rendered":"<p>[et_pb_section fb_built=&#8221;1&#8243; admin_label=&#8221;sec\u00e7\u00e3o apresenta\u00e7\u00e3o&#8221; _builder_version=&#8221;4.27.0&#8243; _module_preset=&#8221;default&#8221; background_color=&#8221;RGBA(255,255,255,0)&#8221; background_image=&#8221;https:\/\/restaurantecafealentejo.com\/wp-content\/uploads\/2024\/10\/IMG_2414-garrafeira-1.png&#8221; background_size=&#8221;initial&#8221; background_blend=&#8221;overlay&#8221; module_alignment=&#8221;center&#8221; height=&#8221;700px&#8221; height_tablet=&#8221;700px&#8221; height_phone=&#8221;600px&#8221; height_last_edited=&#8221;on|phone&#8221; max_height=&#8221;800px&#8221; max_height_tablet=&#8221;800px&#8221; max_height_phone=&#8221;600px&#8221; max_height_last_edited=&#8221;on|phone&#8221; custom_margin=&#8221;-40px||||false|false&#8221; mix_blend_mode=&#8221;darken&#8221; hover_enabled=&#8221;0&#8243; global_colors_info=&#8221;{}&#8221; title_text=&#8221;IMG_2414-garrafeira&#8221; sticky_enabled=&#8221;0&#8243;][et_pb_row admin_label=&#8221;Row&#8221; _builder_version=&#8221;4.21.0&#8243; _module_preset=&#8221;default&#8221; background_color=&#8221;RGBA(255,255,255,0)&#8221; background_enable_image=&#8221;off&#8221; background_blend=&#8221;darken&#8221; module_alignment=&#8221;center&#8221; height=&#8221;100%&#8221; max_height=&#8221;1333px&#8221; max_height_tablet=&#8221;1333px&#8221; max_height_phone=&#8221;600px&#8221; max_height_last_edited=&#8221;on|phone&#8221; filter_brightness=&#8221;200%&#8221; global_colors_info=&#8221;{}&#8221;][et_pb_column type=&#8221;4_4&#8243; _builder_version=&#8221;4.20.2&#8243; _module_preset=&#8221;default&#8221; global_colors_info=&#8221;{}&#8221;][et_pb_text admin_label=&#8221;slogan&#8221; _builder_version=&#8221;4.21.2&#8243; _module_preset=&#8221;default&#8221; text_text_color=&#8221;#FFFFFF&#8221; text_font_size=&#8221;3em&#8221; background_color=&#8221;RGBA(255,255,255,0)&#8221; background_enable_image=&#8221;off&#8221; background_layout=&#8221;dark&#8221; module_alignment=&#8221;center&#8221; custom_margin=&#8221;200px||||false|false&#8221; custom_margin_tablet=&#8221;200px||||false|false&#8221; custom_margin_phone=&#8221;50%||||false|false&#8221; custom_margin_last_edited=&#8221;on|phone&#8221; custom_padding=&#8221;||||false|false&#8221; text_font_size_tablet=&#8221;2em&#8221; text_font_size_phone=&#8221;1.5em&#8221; text_line_height_tablet=&#8221;&#8221; text_line_height_phone=&#8221;1.8em&#8221; text_line_height_last_edited=&#8221;on|phone&#8221; text_text_shadow_style=&#8221;preset2&#8243; global_colors_info=&#8221;{}&#8221;]<\/p>\n<p style=\"text-align: center;\"><strong>OUR<br \/><\/strong><strong>WINERY<\/strong><\/p>\n<p>[\/et_pb_text][\/et_pb_column][\/et_pb_row][\/et_pb_section][et_pb_section fb_built=&#8221;1&#8243; admin_label=&#8221;sec\u00e7\u00e3o informativa&#8221; _builder_version=&#8221;4.21.0&#8243; _module_preset=&#8221;default&#8221; background_color=&#8221;#FFFFFF&#8221; background_enable_image=&#8221;off&#8221; module_alignment=&#8221;center&#8221; min_height_tablet=&#8221;&#8221; min_height_phone=&#8221;&#8221; min_height_last_edited=&#8221;on|phone&#8221; max_height_tablet=&#8221;&#8221; max_height_phone=&#8221;&#8221; max_height_last_edited=&#8221;on|desktop&#8221; custom_margin_tablet=&#8221;&#8221; custom_margin_phone=&#8221;0px||0px||false|false&#8221; custom_margin_last_edited=&#8221;on|desktop&#8221; global_colors_info=&#8221;{}&#8221;][et_pb_row column_structure=&#8221;1_2,1_2&#8243; admin_label=&#8221;honoris Row&#8221; _builder_version=&#8221;4.21.0&#8243; _module_preset=&#8221;default&#8221; width=&#8221;100%&#8221; module_alignment=&#8221;center&#8221; max_height=&#8221;600px&#8221; custom_margin_tablet=&#8221;&#8221; custom_margin_phone=&#8221;||0px||false|false&#8221; custom_margin_last_edited=&#8221;on|phone&#8221; global_colors_info=&#8221;{}&#8221;][et_pb_column type=&#8221;1_2&#8243; _builder_version=&#8221;4.20.2&#8243; _module_preset=&#8221;default&#8221; global_colors_info=&#8221;{}&#8221;][et_pb_text content_tablet=&#8221;<\/p>\n<h3>HONORIS<\/h3>\n<p class=\"%22p1%22\">A garrafeira do Caf\u00e9 Alentejo\u00ae dedica particular aten\u00e7\u00e3o \u00e0 sua carta: nela, cuida-se de uma vasta cole\u00e7\u00e3o de r\u00f3tulo das regi\u00f5es produtoras do pa\u00eds (Douro, Bairrada, D\u00e3o, Set\u00fabal, Lisboa).<br \/>Estas escolhas mantidas entre paredes do s\u00e9c XV, s\u00e3o valorizadas pelo facto do Caf\u00e9 Alentejo\u00ae e a Rita Sim\u00e3o produzirem, tamb\u00e9m, vinho alentejano \u2013 HONORIS, de seu nome.<\/p>\n<p>&#8221; content_phone=&#8221;<\/p>\n<h3 style=\"%22text-align:\" center;%22>A Nossa Garrafeira<\/h3>\n<p class=\"%22p1%22\" style=\"%22text-align:\" center;%22>A garrafeira do Caf\u00e9 Alentejo\u00ae oferece a quem o visita uma cole\u00e7\u00e3o de mais de 300 vinhos, sendo na sua maioria Alentejanos, mas tamb\u00e9m das outras regi\u00f5es vitivin\u00edcolas de Portugal.<\/p>\n<p>&#8221; content_last_edited=&#8221;on|phone&#8221; admin_label=&#8221;text_a_nossa_garrafeira&#8221; _builder_version=&#8221;4.21.2&#8243; _module_preset=&#8221;default&#8221; custom_margin=&#8221;0px||||false|false&#8221; custom_margin_tablet=&#8221;0px||20px||false|false&#8221; custom_margin_phone=&#8221;0px||||false|false&#8221; custom_margin_last_edited=&#8221;on|desktop&#8221; custom_padding=&#8221;15%|||20%|false|false&#8221; custom_padding_tablet=&#8221;0%|10%||10%|false|false&#8221; custom_padding_phone=&#8221;0px|5%||5%|false|false&#8221; custom_padding_last_edited=&#8221;on|phone&#8221; global_colors_info=&#8221;{}&#8221;]<\/p>\n<h3>A Nossa Garrafeira<\/h3>\n<p class=\"p1\">A garrafeira do Caf\u00e9 Alentejo\u00ae oferece a quem o visita uma cole\u00e7\u00e3o de mais de 300 vinhos, sendo na sua maioria Alentejanos, mas tamb\u00e9m das outras regi\u00f5es vitivin\u00edcolas de Portugal.<\/p>\n<p>[\/et_pb_text][\/et_pb_column][et_pb_column type=&#8221;1_2&#8243; _builder_version=&#8221;4.20.2&#8243; _module_preset=&#8221;default&#8221; global_colors_info=&#8221;{}&#8221;][et_pb_image src=&#8221;https:\/\/restaurantecafealentejo.com\/wp-content\/uploads\/2024\/10\/IMG_2457-scaled-1.png&#8221; title_text=&#8221;IMG_2457-scaled&#8221; show_bottom_space=&#8221;off&#8221; align=&#8221;right&#8221; admin_label=&#8221;image_garrafeira&#8221; _builder_version=&#8221;4.27.0&#8243; _module_preset=&#8221;default&#8221; hover_enabled=&#8221;0&#8243; border_radii=&#8221;off|15px|||15px&#8221; border_radii_tablet=&#8221;off|0px|||0px&#8221; border_radii_phone=&#8221;off|0px|||0px&#8221; border_radii_last_edited=&#8221;on|phone&#8221; global_colors_info=&#8221;{}&#8221; sticky_enabled=&#8221;0&#8243;][\/et_pb_image][\/et_pb_column][\/et_pb_row][et_pb_row column_structure=&#8221;1_2,1_2&#8243; admin_label=&#8221;provas Row&#8221; _builder_version=&#8221;4.21.2&#8243; _module_preset=&#8221;default&#8221; width=&#8221;100%&#8221; module_alignment=&#8221;center&#8221; max_height=&#8221;600px&#8221; max_height_tablet=&#8221;&#8221; max_height_phone=&#8221;634px&#8221; max_height_last_edited=&#8221;on|tablet&#8221; custom_margin=&#8221;||||false|false&#8221; custom_margin_tablet=&#8221;||||false|false&#8221; custom_margin_phone=&#8221;0px||0px||false|false&#8221; custom_margin_last_edited=&#8221;on|phone&#8221; global_colors_info=&#8221;{}&#8221;][et_pb_column type=&#8221;1_2&#8243; _builder_version=&#8221;4.20.2&#8243; _module_preset=&#8221;default&#8221; global_colors_info=&#8221;{}&#8221;][et_pb_image src=&#8221;https:\/\/restaurantecafealentejo.com\/wp-content\/uploads\/2023\/04\/IMG_3823-scaled.jpg&#8221; alt=&#8221;Honoris&#8221; title_text=&#8221;honoris&#8221; src_tablet=&#8221;https:\/\/restaurantecafealentejo.com\/wp-content\/uploads\/2023\/04\/IMG_2923-1024&#215;683.jpg&#8221; src_phone=&#8221;https:\/\/restaurantecafealentejo.com\/wp-content\/uploads\/2023\/04\/IMG_3823-scaled.jpg&#8221; src_last_edited=&#8221;on|phone&#8221; show_bottom_space_tablet=&#8221;off&#8221; show_bottom_space_phone=&#8221;&#8221; show_bottom_space_last_edited=&#8221;on|phone&#8221; admin_label=&#8221;image_honoris&#8221; _builder_version=&#8221;4.21.2&#8243; _module_preset=&#8221;default&#8221; custom_margin=&#8221;||||false|false&#8221; custom_margin_tablet=&#8221;20px||||false|false&#8221; custom_margin_phone=&#8221;0px||||false|false&#8221; custom_margin_last_edited=&#8221;on|tablet&#8221; border_radii=&#8221;off||15px|15px|&#8221; border_radii_tablet=&#8221;off||0px|0px|&#8221; border_radii_phone=&#8221;off||0px|0px|&#8221; border_radii_last_edited=&#8221;on|phone&#8221; global_colors_info=&#8221;{}&#8221;][\/et_pb_image][\/et_pb_column][et_pb_column type=&#8221;1_2&#8243; _builder_version=&#8221;4.20.2&#8243; _module_preset=&#8221;default&#8221; global_colors_info=&#8221;{}&#8221;][et_pb_text content_tablet=&#8221;<\/p>\n<h3>Provas<\/h3>\n<p class=\"%22p1%22\">Se o momento \u00e9 especial, esta incr\u00edvel garrafeira (com mais de 250 r\u00f3tulos) est\u00e1 dispon\u00edvel para eventos e provas particulares ou empresariais.<\/p>\n<p class=\"%22p1%22\">As sugest\u00f5es de vinhos enriquecem os sabores e os cheiros que s\u00e3o servidos \u00e0 mesa, para si, ou em eventos exclusivos, tornando a experi\u00eancia gastron\u00f3mica no Alentejo, ainda mais suculenta nas mem\u00f3rias e \u00e9pica nas alegrias.<\/p>\n<p>&#8221; content_phone=&#8221;<\/p>\n<h3 style=\"%22text-align:\" center;%22>Honoris<\/h3>\n<p class=\"%22p1%22\" style=\"%22text-align:\" center;%22>%22Honoris%22 \u00e9 a marca pr\u00f3pria de vinho Regional Alentejano do Caf\u00e9 Alentejo, produzido pela Rita Sim\u00e3o e a sua equipa.<\/p>\n<p>&#8221; content_last_edited=&#8221;on|phone&#8221; admin_label=&#8221;text_honoris&#8221; _builder_version=&#8221;4.21.2&#8243; _module_preset=&#8221;default&#8221; custom_margin=&#8221;15%||||false|false&#8221; custom_margin_tablet=&#8221;0%||||false|false&#8221; custom_margin_phone=&#8221;0px||10px||false|false&#8221; custom_margin_last_edited=&#8221;on|tablet&#8221; custom_padding=&#8221;15%|20%|||false|false&#8221; custom_padding_tablet=&#8221;0%|10%||10%|false|false&#8221; custom_padding_phone=&#8221;0px|5%||5%|false|false&#8221; custom_padding_last_edited=&#8221;on|phone&#8221; global_colors_info=&#8221;{}&#8221;]<\/p>\n<h3>Honoris<\/h3>\n<p class=\"p1\">&#8220;Honoris&#8221; \u00e9 a marca pr\u00f3pria de vinho Regional Alentejano do Caf\u00e9 Alentejo, produzido pela Rita Sim\u00e3o e a sua equipa.<\/p>\n<p>[\/et_pb_text][\/et_pb_column][\/et_pb_row][\/et_pb_section]<\/p>","protected":false},"excerpt":{"rendered":"<p>A NOSSAGARRAFEIRAA Nossa Garrafeira A garrafeira do Caf\u00e9 Alentejo\u00ae oferece a quem o visita uma cole\u00e7\u00e3o de mais de 300 vinhos, sendo na sua maioria Alentejanos, mas tamb\u00e9m das outras regi\u00f5es vitivin\u00edcolas de Portugal.Honoris &#8220;Honoris&#8221; \u00e9 a marca pr\u00f3pria de vinho Regional Alentejano do Caf\u00e9 Alentejo, produzido pela Rita Sim\u00e3o e a sua equipa.<\/p>","protected":false},"author":2,"featured_media":0,"parent":0,"menu_order":0,"comment_status":"closed","ping_status":"closed","template":"","meta":{"_et_pb_use_builder":"on","_et_pb_old_content":"","_et_gb_content_width":"","footnotes":""},"class_list":["post-256","page","type-page","status-publish","hentry"],"_links":{"self":[{"href":"https:\/\/restaurantecafealentejo.com\/en\/wp-json\/wp\/v2\/pages\/256","targetHints":{"allow":["GET"]}}],"collection":[{"href":"https:\/\/restaurantecafealentejo.com\/en\/wp-json\/wp\/v2\/pages"}],"about":[{"href":"https:\/\/restaurantecafealentejo.com\/en\/wp-json\/wp\/v2\/types\/page"}],"author":[{"embeddable":true,"href":"https:\/\/restaurantecafealentejo.com\/en\/wp-json\/wp\/v2\/users\/2"}],"replies":[{"embeddable":true,"href":"https:\/\/restaurantecafealentejo.com\/en\/wp-json\/wp\/v2\/comments?post=256"}],"version-history":[{"count":60,"href":"https:\/\/restaurantecafealentejo.com\/en\/wp-json\/wp\/v2\/pages\/256\/revisions"}],"predecessor-version":[{"id":1286,"href":"https:\/\/restaurantecafealentejo.com\/en\/wp-json\/wp\/v2\/pages\/256\/revisions\/1286"}],"wp:attachment":[{"href":"https:\/\/restaurantecafealentejo.com\/en\/wp-json\/wp\/v2\/media?parent=256"}],"curies":[{"name":"wp","href":"https:\/\/api.w.org\/{rel}","templated":true}]}}