{"id":3,"date":"2021-11-01T15:57:50","date_gmt":"2021-11-01T15:57:50","guid":{"rendered":"https:\/\/restaurantecafealentejo.com\/?page_id=3"},"modified":"2023-08-01T14:24:53","modified_gmt":"2023-08-01T14:24:53","slug":"politica-privacidade","status":"publish","type":"page","link":"https:\/\/restaurantecafealentejo.com\/en\/politica-privacidade\/","title":{"rendered":"Privacy Policy"},"content":{"rendered":"<p>[et_pb_section fb_built=&#8221;1&#8243; custom_padding_last_edited=&#8221;on|desktop&#8221; _builder_version=&#8221;4.21.0&#8243; _module_preset=&#8221;default&#8221; background_color=&#8221;#FFFFFF&#8221; custom_margin=&#8221;-40px||||false|false&#8221; custom_padding=&#8221;5%||||false|false&#8221; custom_padding_tablet=&#8221;12%||||false|false&#8221; custom_padding_phone=&#8221;15%||||false|false&#8221; hover_enabled=&#8221;0&#8243; global_colors_info=&#8221;{}&#8221; sticky_enabled=&#8221;0&#8243;][et_pb_row _builder_version=&#8221;4.21.0&#8243; _module_preset=&#8221;default&#8221; background_size=&#8221;initial&#8221; background_position=&#8221;top_left&#8221; background_repeat=&#8221;repeat&#8221; width=&#8221;60%&#8221; width_tablet=&#8221;80%&#8221; width_phone=&#8221;&#8221; width_last_edited=&#8221;on|phone&#8221; hover_enabled=&#8221;0&#8243; global_colors_info=&#8221;{}&#8221; sticky_enabled=&#8221;0&#8243;][et_pb_column type=&#8221;4_4&#8243; _builder_version=&#8221;4.16&#8243; _module_preset=&#8221;default&#8221; custom_padding=&#8221;|||&#8221; global_colors_info=&#8221;{}&#8221; custom_padding__hover=&#8221;|||&#8221;][et_pb_text _builder_version=&#8221;4.21.0&#8243; _module_preset=&#8221;e5c13690-74e2-41c5-916e-5661d48d0629&#8243; link_text_color=&#8221;#000000&#8243; header_font=&#8221;|||on|||||&#8221; header_text_align=&#8221;center&#8221; header_text_color=&#8221;#8A211B&#8221; header_font_size=&#8221;2.8vw&#8221; header_letter_spacing=&#8221;0.5vw&#8221; header_line_height=&#8221;2em&#8221; header_2_font=&#8221;|||on|||||&#8221; header_2_text_align=&#8221;left&#8221; header_2_text_color=&#8221;#8A211B&#8221; header_2_font_size=&#8221;2vw&#8221; header_2_letter_spacing=&#8221;0.4vw&#8221; header_2_line_height=&#8221;1.8em&#8221; background_size=&#8221;initial&#8221; background_position=&#8221;top_left&#8221; background_repeat=&#8221;repeat&#8221; hover_enabled=&#8221;0&#8243; text_font_size_tablet=&#8221;2.2vw&#8221; text_font_size_phone=&#8221;3.6vw&#8221; header_font_size_tablet=&#8221;4vw&#8221; header_font_size_phone=&#8221;5vw&#8221; header_font_size_last_edited=&#8221;on|desktop&#8221; header_2_font_size_tablet=&#8221;3.5vw&#8221; header_2_font_size_phone=&#8221;4.5vw&#8221; header_2_font_size_last_edited=&#8221;on|phone&#8221; global_colors_info=&#8221;{}&#8221; link_text_color__hover_enabled=&#8221;on|desktop&#8221; link_text_color__hover=&#8221;#8A211B&#8221; text_text_color=&#8221;#000000&#8243; sticky_enabled=&#8221;0&#8243;]<\/p>\n<p><!-- divi:heading --><\/p>\n<h1 style=\"text-align: left;\"><span style=\"color: #000000;\">Privacy Policy<\/span><\/h1>\n<p class=\"western\"><span style=\"color: #000000;\">Por favor leia com aten\u00e7\u00e3o a nossa Pol\u00edtica de Privacidade.<\/span><\/p>\n<p class=\"western\"><span style=\"color: #000000;\">Caso n\u00e3o concorde com a mesma n\u00e3o dever\u00e1 utilizar o presente website.<\/span><\/p>\n<p class=\"western\"><span style=\"color: #000000;\">Esta Pol\u00edtica de Privacidade enuncia as formas de recolha e utiliza\u00e7\u00e3o dos dados pessoais, assim como as medidas de salvaguarda e seguran\u00e7a adoptadas no tratamento dos mesmos.<\/span><\/p>\n<p class=\"western\"><span style=\"color: #000000;\">O <strong>Caf\u00e9 Alentejo\u00ae Restaurante<\/strong><span lang=\"pt-PT\">\u00a0<\/span>reconhece a import\u00e2ncia da privacidade. Nunca venderemos a sua informa\u00e7\u00e3o a terceiros, sejam eles particulares ou empresas.<\/span><\/p>\n<p class=\"western\"><span style=\"color: #000000;\">O website www.restaurantecafealentejo.com \u00e9 propriedade de<span lang=\"pt-PT\"> <\/span><span lang=\"pt-PT\">Rita Campos Sim\u00e3o<\/span><span lang=\"pt-PT\">, com o <\/span>NI<span lang=\"pt-PT\">F<\/span> 204 048 826<span lang=\"pt-PT\">\u00a0e <\/span>com sede em <span lang=\"en-US\">Rua do Raimundo, N\u00ba 5, 7000-661 \u00c9vora<\/span>.<\/span><\/p>\n<h2><span style=\"color: #000000;\">Recolha de informa\u00e7\u00e3o<\/span><\/h2>\n<p class=\"western\"><span style=\"color: #000000;\">Sempre que for necess\u00e1rio a recolha de informa\u00e7\u00e3o pessoal para efeitos de contacto, a utiliza\u00e7\u00e3o dessa mesma informa\u00e7\u00e3o ser\u00e1 efetuada no cumprimento da legisla\u00e7\u00e3o aplic\u00e1vel \u00e0 Pol\u00edtica de Prote\u00e7\u00e3o de Dados imposta pela CNPD (Comiss\u00e3o Nacional da Prote\u00e7\u00e3o de Dados) de acordo com o Decreto de Lei n\u00ba 58\/2019 de 8 de Agosto, de forma a assegurar a confidencialidade e seguran\u00e7a dos dados pessoais fornecidos.<\/span><\/p>\n<p class=\"western\"><span style=\"color: #000000;\">Toda a informa\u00e7\u00e3o recolhida \u00e9 cedida de forma volunt\u00e1ria seja via website, formul\u00e1rios online, question\u00e1rios, promo\u00e7\u00f5es de servi\u00e7os e\/ou passatempos. O <strong>Caf\u00e9 Alentejo\u00ae Restaurante<\/strong><span lang=\"pt-PT\"> <\/span>recolhe dados pessoais, tais como nomes, moradas, e-mails, n\u00fameros de telefone, endere\u00e7o IP, dados demogr\u00e1ficos e sobre estilos de vida para os fins que adiante descritos. A entidade respons\u00e1vel pela recolha e tratamento dos dados pessoais \u00e9 o<span lang=\"pt-PT\"> <strong>Caf\u00e9 Alentejo\u00ae Restaurante<\/strong><\/span><span lang=\"pt-PT\">.<\/span><\/span><\/p>\n<p class=\"western\"><span style=\"color: #000000;\">Existem casos em que a lei obriga ao tratamento e conserva\u00e7\u00e3o dos dados por um per\u00edodo de tempo m\u00ednimo. Caso contr\u00e1rio, os dados ser\u00e3o tratados apenas pelo tempo necess\u00e1rio, sempre de acordo com a lei, as orienta\u00e7\u00f5es e decis\u00f5es da CNPD.<\/span><span style=\"color: #000000;\"><\/span><span style=\"color: #000000;\"><\/span><\/p>\n<h2><span style=\"color: #000000;\">Utiliza\u00e7\u00e3o da Informa\u00e7\u00e3o Recolhida<\/span><\/h2>\n<p class=\"western\"><span style=\"color: #000000;\">O <strong>Caf\u00e9 Alentejo\u00ae Restaurante <\/strong><span lang=\"pt-PT\"><\/span>compromete-se a cumprir as normas de tratamento de dados pessoais em vigor em Portugal.<\/span><\/p>\n<p class=\"western\"><span style=\"color: #000000;\">A informa\u00e7\u00e3o obtida poder\u00e1 ser utilizada pel<span lang=\"pt-PT\">o<\/span> <strong>Caf\u00e9 Alentejo\u00ae Restaurante<\/strong><span lang=\"pt-PT\">\u00a0<\/span>para lhe enviar informa\u00e7\u00e3o sobre as nossas actividades e\/ou servi\u00e7os, captar informa\u00e7\u00f5es de car\u00e1ter geral de forma a entender o perfil dos utilizadores, e com isso adaptar os materiais de comunica\u00e7\u00e3o que o<span lang=\"pt-PT\"> <strong>Caf\u00e9 Alentejo\u00ae Restaurante<\/strong><\/span><span lang=\"pt-PT\">\u00a0<\/span>faz chegar aos seus utilizadores e leitores.<\/span><\/p>\n<p class=\"western\"><span style=\"color: #000000;\">Os dados recolhidos destinam-se exclusivamente a uso do<span lang=\"pt-PT\"> <strong>Caf\u00e9 Alentejo\u00ae Restaurante<\/strong><\/span>, de forma a dar seguimento aos pedidos efetuados atrav\u00e9s desta p\u00e1gina web, sendo garantida a privacidade e prote\u00e7\u00e3o dos dados dos utilizadores.<\/span><\/p>\n<p class=\"western\"><span style=\"color: #000000;\">O <strong>Caf\u00e9 Alentejo\u00ae Restaurante<\/strong><span lang=\"pt-PT\">\u00a0<\/span>pode ceder a informa\u00e7\u00e3o pessoal do utilizador a outras empresas, tais como transportadoras<span lang=\"pt-PT\"> ou estafetas<\/span>, quando necessitar de o fazer para fornecer um produto ou servi\u00e7o, sendo garantido que apenas \u00e9 partilhada a informa\u00e7\u00e3o m\u00ednima necess\u00e1ria para a satisfa\u00e7\u00e3o do pedido.<\/span><\/p>\n<h2><span style=\"color: #000000;\">Direito de Aceso, Retifica\u00e7\u00e3o, Apagamento, Portabilidade e Oposi\u00e7\u00e3o<\/span><\/h2>\n<p class=\"western\"><span style=\"color: #000000;\">Em conformidade com o disposto no Decreto Lei n\u00ba 58\/2019 de 8 de Agosto, qualquer pessoa pode solicitar o acesso aos respectivos dados pessoais, podendo tomar conhecimento do seu teor, bem como, exigir a sua retifica\u00e7\u00e3o, apagamento, portabilidade ou solicitar a sua destrui\u00e7\u00e3o, por pedido escrito dirigido a <strong>Caf\u00e9 Alentejo\u00ae Restaurante<\/strong><span lang=\"pt-PT\">\u00a0<\/span>para o endere\u00e7o de email: <a class=\"oajrlxb2 g5ia77u1 qu0x051f esr5mh6w e9989ue4 r7d6kgcz rq0escxv nhd2j8a9 nc684nl6 p7hjln8o kvgmc6g5 cxmmr5t8 oygrvhab hcukyx3x jb3vyjys rz4wbd8a qt6c0cv9 a8nywdso i1ao9s8h esuyzwwr f1sip0of lzcic4wl gpro0wi8 py34i1dx\" href=\"mailto:cafealentejorestaurante@gmail.com\" role=\"link\" target=\"_blank\" rel=\"noopener\" style=\"color: #000000;\" tabindex=\"0\">cafealentejorestaurante@gmail.com<\/a><\/span><\/p>\n<h2><span style=\"color: #000000;\">Seguran\u00e7a e Prote\u00e7\u00e3o de Dados<\/span><\/h2>\n<p class=\"western\"><span style=\"color: #000000;\">O <strong>Caf\u00e9 Alentejo\u00ae Restaurante <\/strong><span lang=\"pt-PT\"><\/span>compromete-se a adoptar as medidas de seguran\u00e7a necess\u00e1rias para garantir a salvaguarda dos dados pessoais dos utilizadores contra a sua eventual utiliza\u00e7\u00e3o abusiva ou contra o acesso n\u00e3o autorizado.<\/span><\/p>\n<p class=\"western\"><span style=\"color: #000000;\">N\u00e3o obstante e, n\u00e3o sendo a internet um meio de comunica\u00e7\u00e3o 100% seguro, <span lang=\"pt-PT\">o<\/span> <strong>Caf\u00e9 Alentejo\u00ae Restaurante<\/strong><span lang=\"pt-PT\">\u00a0<\/span>n\u00e3o poder\u00e1 garantir a seguran\u00e7a de qualquer informa\u00e7\u00e3o que divulgue online, nem se responsabilizar por perdas ou danos causados ao utilizador como consequ\u00eancia da perda de confidencialidade da informa\u00e7\u00e3o.<\/span><\/p>\n<h2><\/h2>\n<h2><span style=\"color: #000000;\">Responsabilidade<\/span><\/h2>\n<p class=\"western\"><span style=\"color: #000000;\">Neste website os utilizadores poder\u00e3o encontrar links que o reencaminham para outras p\u00e1ginas web fora do dom\u00ednio dos servidores d<span lang=\"pt-PT\">o<\/span> <strong>Caf\u00e9 Alentejo\u00ae Restaurante <\/strong><span lang=\"pt-PT\"><\/span>que poder\u00e3o eles pr\u00f3prios recolher dados ou solicitar informa\u00e7\u00e3o pessoal. A presente Pol\u00edtica de Privacidade n\u00e3o se aplica a sites terceiros, pelo que, dever\u00e1 ler a Pol\u00edtica de Privacidade dos sites terceiros que visitar, sendo que n\u00e3o nos responsabilizamos pelo conte\u00fado e informa\u00e7\u00e3o presente nesses mesmos sites.<\/span><\/p>\n<h2><span style=\"color: #000000;\">Concord\u00e2ncia da Pol\u00edtica de Privacidade<\/span><\/h2>\n<p class=\"western\"><span style=\"color: #000000;\">Entende-se que o utilizador aceita as condi\u00e7\u00f5es desta Pol\u00edtica de Privacidade ao introduzir os seus dados. O preenchimento dos formul\u00e1rios sup\u00f5e o consentimento por parte do utilizador do tratamento automatizado e utiliza\u00e7\u00e3o dos dados de acordo com as condi\u00e7\u00f5es de privacidade descritas nesta p\u00e1gina.<\/span><\/p>\n<h2><span style=\"color: #000000;\">Altera\u00e7\u00f5es \u00e0 Pol\u00edtica de Privacidade<\/span><\/h2>\n<p class=\"western\"><span style=\"color: #000000;\">O <strong>Caf\u00e9 Alentejo\u00ae Restaurante<\/strong><span lang=\"pt-PT\">\u00a0<\/span>reserva-se ao direito de, a qualquer momento, atualizar ou rever a presente Pol\u00edtica de Privacidade a fim de a ajustar a eventuais altera\u00e7\u00f5es legislativas e\/ou outros condicionalismos. Qualquer altera\u00e7\u00e3o efetuada ser\u00e1 publicada neste espa\u00e7o, pelo que o utilizador dever\u00e1 visitar frequentemente esta \u00e1rea no sentido de se manter informado sobre a Pol\u00edtica de Privacidade em vigor.<\/span><\/p>\n<h2><span style=\"color: #000000;\">Dados de Cookies<\/span><\/h2>\n<p class=\"western\"><span style=\"color: #000000;\">O <strong>Caf\u00e9 Alentejo\u00ae Restaurante<\/strong><span lang=\"pt-PT\">\u00a0<\/span>utiliza cookies (leia-se pequenos ficheiros de texto informativos) no website para melhorar o desempenho e a experi\u00eancia do utilizador.<\/span><\/p>\n<p class=\"western\"><span style=\"color: #000000;\">Os cookies utilizados pel<span lang=\"pt-PT\">o<\/span> <strong>Caf\u00e9 Alentejo\u00ae Restaurante<\/strong><span lang=\"pt-PT\">\u00a0<\/span>observam os princ\u00edpios da anonimidade e confidencialidade, armazenando apenas informa\u00e7\u00e3o gen\u00e9rica, n\u00e3o incluindo dados pessoais. T\u00eam como objectivos reconhecer o utilizador (para que n\u00e3o tenha de nos fornecer os seus dados in\u00fameras vezes) e recolher informa\u00e7\u00e3o durante a visita ao website (tais como as p\u00e1ginas que visita).<\/span><\/p>\n<p class=\"western\"><span style=\"color: #000000;\">A maioria dos browsers aceitam os cookies automaticamente, sendo que, a qualquer momento, pode desactivar esta fun\u00e7\u00e3o nas defini\u00e7\u00f5es do seu navegador.<\/span><\/p>\n<p class=\"western\"><span style=\"color: #000000;\">A utiliza\u00e7\u00e3o de cookies \u00e9 uma pr\u00e1tica corrente na generalidade dos sites com o objetivo de poupar tempo ao utilizador e de facilitar a navega\u00e7\u00e3o.<\/span><\/p>\n<p><!-- \/divi:paragraph --><\/p>\n<p>[\/et_pb_text][\/et_pb_column][\/et_pb_row][\/et_pb_section]<\/p>","protected":false},"excerpt":{"rendered":"<p>Pol\u00edtica de Privacidade Por favor leia com aten\u00e7\u00e3o a nossa Pol\u00edtica de Privacidade. Caso n\u00e3o concorde com a mesma n\u00e3o dever\u00e1 utilizar o presente website. Esta Pol\u00edtica de Privacidade enuncia as formas de recolha e utiliza\u00e7\u00e3o dos dados pessoais, assim como as medidas de salvaguarda e seguran\u00e7a adoptadas no tratamento dos mesmos. O Caf\u00e9 Alentejo\u00ae [&hellip;]<\/p>","protected":false},"author":1,"featured_media":0,"parent":0,"menu_order":0,"comment_status":"closed","ping_status":"closed","template":"","meta":{"_et_pb_use_builder":"on","_et_pb_old_content":"<!-- wp:heading --><h2>Who we are<\/h2><!-- \/wp:heading --><!-- wp:paragraph --><p><strong class=\"privacy-policy-tutorial\">Suggested text: <\/strong>Our website address is: https:\/\/olhodocao.com\/restaurantecafealentejo.<\/p><!-- \/wp:paragraph --><!-- wp:heading --><h2>Comments<\/h2><!-- \/wp:heading --><!-- wp:paragraph --><p><strong class=\"privacy-policy-tutorial\">Suggested text: <\/strong>When visitors leave comments on the site we collect the data shown in the comments form, and also the visitor&#8217;s IP address and browser user agent string to help spam detection.<\/p><!-- \/wp:paragraph --><!-- wp:paragraph --><p>An anonymized string created from your email address (also called a hash) may be provided to the Gravatar service to see if you are using it. The Gravatar service privacy policy is available here: https:\/\/automattic.com\/privacy\/. After approval of your comment, your profile picture is visible to the public in the context of your comment.<\/p><!-- \/wp:paragraph --><!-- wp:heading --><h2>Media<\/h2><!-- \/wp:heading --><!-- wp:paragraph --><p><strong class=\"privacy-policy-tutorial\">Suggested text: <\/strong>If you upload images to the website, you should avoid uploading images with embedded location data (EXIF GPS) included. Visitors to the website can download and extract any location data from images on the website.<\/p><!-- \/wp:paragraph --><!-- wp:heading --><h2>Cookies<\/h2><!-- \/wp:heading --><!-- wp:paragraph --><p><strong class=\"privacy-policy-tutorial\">Suggested text: <\/strong>If you leave a comment on our site you may opt-in to saving your name, email address and website in cookies. These are for your convenience so that you do not have to fill in your details again when you leave another comment. These cookies will last for one year.<\/p><!-- \/wp:paragraph --><!-- wp:paragraph --><p>If you visit our login page, we will set a temporary cookie to determine if your browser accepts cookies. This cookie contains no personal data and is discarded when you close your browser.<\/p><!-- \/wp:paragraph --><!-- wp:paragraph --><p>When you log in, we will also set up several cookies to save your login information and your screen display choices. Login cookies last for two days, and screen options cookies last for a year. If you select &quot;Remember Me&quot;, your login will persist for two weeks. If you log out of your account, the login cookies will be removed.<\/p><!-- \/wp:paragraph --><!-- wp:paragraph --><p>If you edit or publish an article, an additional cookie will be saved in your browser. This cookie includes no personal data and simply indicates the post ID of the article you just edited. It expires after 1 day.<\/p><!-- \/wp:paragraph --><!-- wp:heading --><h2>Embedded content from other websites<\/h2><!-- \/wp:heading --><!-- wp:paragraph --><p><strong class=\"privacy-policy-tutorial\">Suggested text: <\/strong>Articles on this site may include embedded content (e.g. videos, images, articles, etc.). Embedded content from other websites behaves in the exact same way as if the visitor has visited the other website.<\/p><!-- \/wp:paragraph --><!-- wp:paragraph --><p>These websites may collect data about you, use cookies, embed additional third-party tracking, and monitor your interaction with that embedded content, including tracking your interaction with the embedded content if you have an account and are logged in to that website.<\/p><!-- \/wp:paragraph --><!-- wp:heading --><h2>Who we share your data with<\/h2><!-- \/wp:heading --><!-- wp:paragraph --><p><strong class=\"privacy-policy-tutorial\">Suggested text: <\/strong>If you request a password reset, your IP address will be included in the reset email.<\/p><!-- \/wp:paragraph --><!-- wp:heading --><h2>How long we retain your data<\/h2><!-- \/wp:heading --><!-- wp:paragraph --><p><strong class=\"privacy-policy-tutorial\">Suggested text: <\/strong>If you leave a comment, the comment and its metadata are retained indefinitely. This is so we can recognize and approve any follow-up comments automatically instead of holding them in a moderation queue.<\/p><!-- \/wp:paragraph --><!-- wp:paragraph --><p>For users that register on our website (if any), we also store the personal information they provide in their user profile. All users can see, edit, or delete their personal information at any time (except they cannot change their username). Website administrators can also see and edit that information.<\/p><!-- \/wp:paragraph --><!-- wp:heading --><h2>What rights you have over your data<\/h2><!-- \/wp:heading --><!-- wp:paragraph --><p><strong class=\"privacy-policy-tutorial\">Suggested text: <\/strong>If you have an account on this site, or have left comments, you can request to receive an exported file of the personal data we hold about you, including any data you have provided to us. You can also request that we erase any personal data we hold about you. This does not include any data we are obliged to keep for administrative, legal, or security purposes.<\/p><!-- \/wp:paragraph --><!-- wp:heading --><h2>Where we send your data<\/h2><!-- \/wp:heading --><!-- wp:paragraph --><p><strong class=\"privacy-policy-tutorial\">Suggested text: <\/strong>Visitor comments may be checked through an automated spam detection service.<\/p><!-- \/wp:paragraph -->","_et_gb_content_width":"","footnotes":""},"class_list":["post-3","page","type-page","status-publish","hentry"],"_links":{"self":[{"href":"https:\/\/restaurantecafealentejo.com\/en\/wp-json\/wp\/v2\/pages\/3","targetHints":{"allow":["GET"]}}],"collection":[{"href":"https:\/\/restaurantecafealentejo.com\/en\/wp-json\/wp\/v2\/pages"}],"about":[{"href":"https:\/\/restaurantecafealentejo.com\/en\/wp-json\/wp\/v2\/types\/page"}],"author":[{"embeddable":true,"href":"https:\/\/restaurantecafealentejo.com\/en\/wp-json\/wp\/v2\/users\/1"}],"replies":[{"embeddable":true,"href":"https:\/\/restaurantecafealentejo.com\/en\/wp-json\/wp\/v2\/comments?post=3"}],"version-history":[{"count":9,"href":"https:\/\/restaurantecafealentejo.com\/en\/wp-json\/wp\/v2\/pages\/3\/revisions"}],"predecessor-version":[{"id":1122,"href":"https:\/\/restaurantecafealentejo.com\/en\/wp-json\/wp\/v2\/pages\/3\/revisions\/1122"}],"wp:attachment":[{"href":"https:\/\/restaurantecafealentejo.com\/en\/wp-json\/wp\/v2\/media?parent=3"}],"curies":[{"name":"wp","href":"https:\/\/api.w.org\/{rel}","templated":true}]}}